{"id":992,"date":"2024-10-30T05:36:15","date_gmt":"2024-10-30T05:36:15","guid":{"rendered":"https:\/\/seeclub-sursee.ch\/webshop\/?post_type=product&#038;p=992"},"modified":"2024-10-30T05:58:32","modified_gmt":"2024-10-30T05:58:32","slug":"scs-winter-ruderhandschuhe-1-paar","status":"publish","type":"product","link":"https:\/\/seeclub-sursee.ch\/webshop\/produkt\/scs-winter-ruderhandschuhe-1-paar\/","title":{"rendered":"SCS Winter-Ruderhandschuhe, 1 Paar"},"content":{"rendered":"<p>Von Club-Mitgliedern f\u00fcr Club-Mitgliedern! Die Ruderhandschuhe werden von zwei rudererprobten SCS-Mitgliedern hergestellt.<\/p>\n<p>Sie sch\u00fctzen beim Rudern die H\u00e4nde vor K\u00e4lte und Wasserspritzer und erm\u00f6glichen trotzdem den direkten Kontakt der H\u00e4nde mit den Rudergriffen.<br \/>\nNur f\u00fcr Skull-Ruder.<\/p>\n","protected":false},"excerpt":{"rendered":"<p>Von Club-Mitgliedern f\u00fcr Club-Mitgliedern! Die Ruderhandschuhe werden von zwei rudererprobten SCS-Mitgliedern hergestellt.<\/p>\n<p>Sie sch\u00fctzen beim Rudern die H\u00e4nde vor K\u00e4lte und Wasserspritzer und erm\u00f6glichen trotzdem den direkten Kontakt der H\u00e4nde mit den Rudergriffen.<br \/>\nNur f\u00fcr Skull-Ruder.<\/p>\n","protected":false},"featured_media":997,"template":"","meta":{"_acf_changed":false,"_themeisle_gutenberg_block_has_review":false},"product_brand":[],"product_cat":[35,41,36,49,45],"product_tag":[],"class_list":{"0":"post-992","1":"product","2":"type-product","3":"status-publish","4":"has-post-thumbnail","6":"product_cat-bekleidung","7":"product_cat-damen","8":"product_cat-herren","9":"product_cat-junioren","10":"product_cat-unisex","12":"first","13":"instock","14":"taxable","15":"shipping-taxable","16":"purchasable","17":"product-type-simple"},"acf":[],"_links":{"self":[{"href":"https:\/\/seeclub-sursee.ch\/webshop\/wp-json\/wp\/v2\/product\/992","targetHints":{"allow":["GET"]}}],"collection":[{"href":"https:\/\/seeclub-sursee.ch\/webshop\/wp-json\/wp\/v2\/product"}],"about":[{"href":"https:\/\/seeclub-sursee.ch\/webshop\/wp-json\/wp\/v2\/types\/product"}],"wp:featuredmedia":[{"embeddable":true,"href":"https:\/\/seeclub-sursee.ch\/webshop\/wp-json\/wp\/v2\/media\/997"}],"wp:attachment":[{"href":"https:\/\/seeclub-sursee.ch\/webshop\/wp-json\/wp\/v2\/media?parent=992"}],"wp:term":[{"taxonomy":"product_brand","embeddable":true,"href":"https:\/\/seeclub-sursee.ch\/webshop\/wp-json\/wp\/v2\/product_brand?post=992"},{"taxonomy":"product_cat","embeddable":true,"href":"https:\/\/seeclub-sursee.ch\/webshop\/wp-json\/wp\/v2\/product_cat?post=992"},{"taxonomy":"product_tag","embeddable":true,"href":"https:\/\/seeclub-sursee.ch\/webshop\/wp-json\/wp\/v2\/product_tag?post=992"}],"curies":[{"name":"wp","href":"https:\/\/api.w.org\/{rel}","templated":true}]}}