{"id":865,"date":"2024-02-29T11:19:39","date_gmt":"2024-02-29T11:19:39","guid":{"rendered":"https:\/\/seeclub-sursee.ch\/webshop\/?post_type=product&#038;p=865"},"modified":"2024-10-30T05:57:50","modified_gmt":"2024-10-30T05:57:50","slug":"scs-gilet-herren-2","status":"publish","type":"product","link":"https:\/\/seeclub-sursee.ch\/webshop\/produkt\/scs-gilet-herren-2\/","title":{"rendered":"SCS Gilet Herren"},"content":{"rendered":"<p>Funktionales Rudergilet wind- und wasserabweisende, f\u00fcr k\u00fchlere Tage geeignet, Tasche mit Reissverschluss am R\u00fccken f\u00fcr die notwendigsten Utensilien (Schl\u00fcssel und Mobile)<\/p>\n<p>Passform: Enganliegend<br \/>\nMaterial: 90 % Polyester, 10 % Polyurethane \/\/\/ 85 % Polyester, 15 % Elastan<br \/>\nGewicht: 340 g\/m2 \/\/\/ 250 g\/m2<\/p>\n<p>Dieses Gilet ist enger geschnitten als das Bisherige. Eventuell eine Nummer Gr\u00f6sser bestellen.<\/p>\n","protected":false},"excerpt":{"rendered":"<p>Funktionales Rudergilet wind- und wasserabweisende, f\u00fcr k\u00fchlere Tage geeignet, Tasche&#8230;<\/p>\n","protected":false},"featured_media":873,"template":"","meta":{"_acf_changed":false,"_themeisle_gutenberg_block_has_review":false},"product_brand":[],"product_cat":[35,36,47,48],"product_tag":[139,40],"class_list":{"0":"post-865","1":"product","2":"type-product","3":"status-publish","4":"has-post-thumbnail","6":"product_cat-bekleidung","7":"product_cat-herren","8":"product_cat-jacken-westen","9":"product_cat-top-layer","10":"product_tag-4row","11":"product_tag-herren","13":"first","14":"instock","15":"taxable","16":"shipping-taxable","17":"purchasable","18":"product-type-variable"},"acf":[],"_links":{"self":[{"href":"https:\/\/seeclub-sursee.ch\/webshop\/wp-json\/wp\/v2\/product\/865","targetHints":{"allow":["GET"]}}],"collection":[{"href":"https:\/\/seeclub-sursee.ch\/webshop\/wp-json\/wp\/v2\/product"}],"about":[{"href":"https:\/\/seeclub-sursee.ch\/webshop\/wp-json\/wp\/v2\/types\/product"}],"wp:featuredmedia":[{"embeddable":true,"href":"https:\/\/seeclub-sursee.ch\/webshop\/wp-json\/wp\/v2\/media\/873"}],"wp:attachment":[{"href":"https:\/\/seeclub-sursee.ch\/webshop\/wp-json\/wp\/v2\/media?parent=865"}],"wp:term":[{"taxonomy":"product_brand","embeddable":true,"href":"https:\/\/seeclub-sursee.ch\/webshop\/wp-json\/wp\/v2\/product_brand?post=865"},{"taxonomy":"product_cat","embeddable":true,"href":"https:\/\/seeclub-sursee.ch\/webshop\/wp-json\/wp\/v2\/product_cat?post=865"},{"taxonomy":"product_tag","embeddable":true,"href":"https:\/\/seeclub-sursee.ch\/webshop\/wp-json\/wp\/v2\/product_tag?post=865"}],"curies":[{"name":"wp","href":"https:\/\/api.w.org\/{rel}","templated":true}]}}