{"id":858,"date":"2024-02-26T11:39:56","date_gmt":"2024-02-26T11:39:56","guid":{"rendered":"https:\/\/seeclub-sursee.ch\/webshop\/?post_type=product&#038;p=858"},"modified":"2024-09-06T12:53:37","modified_gmt":"2024-09-06T12:53:37","slug":"scs-rennbody-damen-ab-2024","status":"publish","type":"product","link":"https:\/\/seeclub-sursee.ch\/webshop\/produkt\/scs-rennbody-damen-ab-2024\/","title":{"rendered":"SCS Rennbody Damen \/ Juniorinnen ab 2024"},"content":{"rendered":"<p>Original Rennbody gedruckt und <strong>gen\u00e4ht<\/strong>, funktionaler Stoff<\/p>\n<p>&nbsp;<\/p>\n<p>G\u00fcltig f\u00fcr Regatten ab 2024.<\/p>\n<p>&nbsp;<\/p>\n<p>&nbsp;<\/p>\n","protected":false},"excerpt":{"rendered":"<p>Original Rennbody gedruckt und gen\u00e4ht, funktionaler Stoff &nbsp; G\u00fcltig f\u00fcr&#8230;<\/p>\n","protected":false},"featured_media":848,"template":"","meta":{"_acf_changed":false,"_themeisle_gutenberg_block_has_review":false},"product_brand":[],"product_cat":[35,41,37,83],"product_tag":[139,43],"class_list":{"0":"post-858","1":"product","2":"type-product","3":"status-publish","4":"has-post-thumbnail","6":"product_cat-bekleidung","7":"product_cat-damen","8":"product_cat-mid-layer","9":"product_cat-race","10":"product_tag-4row","11":"product_tag-damen","13":"first","14":"instock","15":"taxable","16":"shipping-taxable","17":"purchasable","18":"product-type-variable"},"acf":[],"_links":{"self":[{"href":"https:\/\/seeclub-sursee.ch\/webshop\/wp-json\/wp\/v2\/product\/858","targetHints":{"allow":["GET"]}}],"collection":[{"href":"https:\/\/seeclub-sursee.ch\/webshop\/wp-json\/wp\/v2\/product"}],"about":[{"href":"https:\/\/seeclub-sursee.ch\/webshop\/wp-json\/wp\/v2\/types\/product"}],"wp:featuredmedia":[{"embeddable":true,"href":"https:\/\/seeclub-sursee.ch\/webshop\/wp-json\/wp\/v2\/media\/848"}],"wp:attachment":[{"href":"https:\/\/seeclub-sursee.ch\/webshop\/wp-json\/wp\/v2\/media?parent=858"}],"wp:term":[{"taxonomy":"product_brand","embeddable":true,"href":"https:\/\/seeclub-sursee.ch\/webshop\/wp-json\/wp\/v2\/product_brand?post=858"},{"taxonomy":"product_cat","embeddable":true,"href":"https:\/\/seeclub-sursee.ch\/webshop\/wp-json\/wp\/v2\/product_cat?post=858"},{"taxonomy":"product_tag","embeddable":true,"href":"https:\/\/seeclub-sursee.ch\/webshop\/wp-json\/wp\/v2\/product_tag?post=858"}],"curies":[{"name":"wp","href":"https:\/\/api.w.org\/{rel}","templated":true}]}}