{"id":629,"date":"2024-01-14T15:38:02","date_gmt":"2024-01-14T15:38:02","guid":{"rendered":"https:\/\/seeclub-sursee.ch\/webshop\/?post_type=product&#038;p=629"},"modified":"2024-01-30T13:46:16","modified_gmt":"2024-01-30T13:46:16","slug":"parkas-damen","status":"publish","type":"product","link":"https:\/\/seeclub-sursee.ch\/webshop\/produkt\/parkas-damen\/","title":{"rendered":"PARKAS Damen"},"content":{"rendered":"<p>Sch\u00fctzt gegen Wind und Regen, der ultimative Regattabegleiter bei schlechtem, kalten Wetter.<br \/>\nGef\u00fctterte, lange Jacke mit strapazierf\u00e4higem Au\u00dfenmaterial, die sich ideal zum Aufw\u00e4rmen bei K\u00e4lte oder als warme Jacke f\u00fcr Helfer und Ruderer eignet.<br \/>\nFeatures: 2-Wege-Rei\u00dfverschluss, abnehmbare Kapuze, sechs Taschen und verstellbare \u00c4rmelabschl\u00fcsse.<\/p>\n","protected":false},"excerpt":{"rendered":"<p>Sch\u00fctzt gegen Wind und Regen, der ultimative Regattabegleiter bei schlechtem,&#8230;<\/p>\n","protected":false},"featured_media":646,"template":"","meta":{"_acf_changed":false,"_themeisle_gutenberg_block_has_review":false},"product_brand":[],"product_cat":[35,41,47,48],"product_tag":[39,43],"class_list":{"0":"post-629","1":"product","2":"type-product","3":"status-publish","4":"has-post-thumbnail","6":"product_cat-bekleidung","7":"product_cat-damen","8":"product_cat-jacken-westen","9":"product_cat-top-layer","10":"product_tag-craft","11":"product_tag-damen","13":"first","14":"instock","15":"taxable","16":"shipping-taxable","17":"purchasable","18":"product-type-variable","19":"has-default-attributes"},"acf":[],"_links":{"self":[{"href":"https:\/\/seeclub-sursee.ch\/webshop\/wp-json\/wp\/v2\/product\/629","targetHints":{"allow":["GET"]}}],"collection":[{"href":"https:\/\/seeclub-sursee.ch\/webshop\/wp-json\/wp\/v2\/product"}],"about":[{"href":"https:\/\/seeclub-sursee.ch\/webshop\/wp-json\/wp\/v2\/types\/product"}],"wp:featuredmedia":[{"embeddable":true,"href":"https:\/\/seeclub-sursee.ch\/webshop\/wp-json\/wp\/v2\/media\/646"}],"wp:attachment":[{"href":"https:\/\/seeclub-sursee.ch\/webshop\/wp-json\/wp\/v2\/media?parent=629"}],"wp:term":[{"taxonomy":"product_brand","embeddable":true,"href":"https:\/\/seeclub-sursee.ch\/webshop\/wp-json\/wp\/v2\/product_brand?post=629"},{"taxonomy":"product_cat","embeddable":true,"href":"https:\/\/seeclub-sursee.ch\/webshop\/wp-json\/wp\/v2\/product_cat?post=629"},{"taxonomy":"product_tag","embeddable":true,"href":"https:\/\/seeclub-sursee.ch\/webshop\/wp-json\/wp\/v2\/product_tag?post=629"}],"curies":[{"name":"wp","href":"https:\/\/api.w.org\/{rel}","templated":true}]}}