{"id":598,"date":"2024-01-14T15:37:32","date_gmt":"2024-01-14T15:37:32","guid":{"rendered":"https:\/\/seeclub-sursee.ch\/webshop\/?post_type=product&#038;p=598"},"modified":"2024-09-06T12:56:50","modified_gmt":"2024-09-06T12:56:50","slug":"trainingshose-lang-damen","status":"publish","type":"product","link":"https:\/\/seeclub-sursee.ch\/webshop\/produkt\/trainingshose-lang-damen\/","title":{"rendered":"Trainingshose &#8211; Tights lang Damen \/ Juniorinnen"},"content":{"rendered":"<p>Tights aus leichtem, elastischem Material mit optimalem Feuchtigkeitstransport und hervorragender Bewegungsfreiheit.<br \/>\nReissverschl\u00fcsse an den Beinabschl\u00fcssen f\u00fcr leichtes An- und Ausziehen.<\/p>\n","protected":false},"excerpt":{"rendered":"<p>Bequeme enge lange Trainingshose mit Reissverschluss beim Beinanschluss<\/p>\n","protected":false},"featured_media":618,"template":"","meta":{"_acf_changed":false,"_themeisle_gutenberg_block_has_review":false},"product_brand":[],"product_cat":[35,41,78,48],"product_tag":[39,43],"class_list":{"0":"post-598","1":"product","2":"type-product","3":"status-publish","4":"has-post-thumbnail","6":"product_cat-bekleidung","7":"product_cat-damen","8":"product_cat-hosen","9":"product_cat-top-layer","10":"product_tag-craft","11":"product_tag-damen","13":"first","14":"instock","15":"taxable","16":"shipping-taxable","17":"purchasable","18":"product-type-variable"},"acf":[],"_links":{"self":[{"href":"https:\/\/seeclub-sursee.ch\/webshop\/wp-json\/wp\/v2\/product\/598","targetHints":{"allow":["GET"]}}],"collection":[{"href":"https:\/\/seeclub-sursee.ch\/webshop\/wp-json\/wp\/v2\/product"}],"about":[{"href":"https:\/\/seeclub-sursee.ch\/webshop\/wp-json\/wp\/v2\/types\/product"}],"wp:featuredmedia":[{"embeddable":true,"href":"https:\/\/seeclub-sursee.ch\/webshop\/wp-json\/wp\/v2\/media\/618"}],"wp:attachment":[{"href":"https:\/\/seeclub-sursee.ch\/webshop\/wp-json\/wp\/v2\/media?parent=598"}],"wp:term":[{"taxonomy":"product_brand","embeddable":true,"href":"https:\/\/seeclub-sursee.ch\/webshop\/wp-json\/wp\/v2\/product_brand?post=598"},{"taxonomy":"product_cat","embeddable":true,"href":"https:\/\/seeclub-sursee.ch\/webshop\/wp-json\/wp\/v2\/product_cat?post=598"},{"taxonomy":"product_tag","embeddable":true,"href":"https:\/\/seeclub-sursee.ch\/webshop\/wp-json\/wp\/v2\/product_tag?post=598"}],"curies":[{"name":"wp","href":"https:\/\/api.w.org\/{rel}","templated":true}]}}