{"id":590,"date":"2024-01-14T15:37:06","date_gmt":"2024-01-14T15:37:06","guid":{"rendered":"https:\/\/seeclub-sursee.ch\/webshop\/?post_type=product&#038;p=590"},"modified":"2024-09-06T12:57:26","modified_gmt":"2024-09-06T12:57:26","slug":"trainingshose-lang-herren","status":"publish","type":"product","link":"https:\/\/seeclub-sursee.ch\/webshop\/produkt\/trainingshose-lang-herren\/","title":{"rendered":"Trainingshose &#8211; Tights lang Herren \/ Junioren"},"content":{"rendered":"<p>Tights aus leichtem, elastischem Material mit optimalem Feuchtigkeitstransport und hervorragender Bewegungsfreiheit.<br \/>\nReissverschl\u00fcsse an den Beinabschl\u00fcssen f\u00fcr leichtes An- und Ausziehen.<\/p>\n","protected":false},"excerpt":{"rendered":"<p>Bequeme enge lange Trainingshose mit Reissverschluss beim Beinanschluss<\/p>\n","protected":false},"featured_media":618,"template":"","meta":{"_acf_changed":false,"_themeisle_gutenberg_block_has_review":false},"product_brand":[],"product_cat":[35,36,78,83,48],"product_tag":[39,40],"class_list":{"0":"post-590","1":"product","2":"type-product","3":"status-publish","4":"has-post-thumbnail","6":"product_cat-bekleidung","7":"product_cat-herren","8":"product_cat-hosen","9":"product_cat-race","10":"product_cat-top-layer","11":"product_tag-craft","12":"product_tag-herren","14":"first","15":"instock","16":"taxable","17":"shipping-taxable","18":"purchasable","19":"product-type-variable"},"acf":[],"_links":{"self":[{"href":"https:\/\/seeclub-sursee.ch\/webshop\/wp-json\/wp\/v2\/product\/590","targetHints":{"allow":["GET"]}}],"collection":[{"href":"https:\/\/seeclub-sursee.ch\/webshop\/wp-json\/wp\/v2\/product"}],"about":[{"href":"https:\/\/seeclub-sursee.ch\/webshop\/wp-json\/wp\/v2\/types\/product"}],"wp:featuredmedia":[{"embeddable":true,"href":"https:\/\/seeclub-sursee.ch\/webshop\/wp-json\/wp\/v2\/media\/618"}],"wp:attachment":[{"href":"https:\/\/seeclub-sursee.ch\/webshop\/wp-json\/wp\/v2\/media?parent=590"}],"wp:term":[{"taxonomy":"product_brand","embeddable":true,"href":"https:\/\/seeclub-sursee.ch\/webshop\/wp-json\/wp\/v2\/product_brand?post=590"},{"taxonomy":"product_cat","embeddable":true,"href":"https:\/\/seeclub-sursee.ch\/webshop\/wp-json\/wp\/v2\/product_cat?post=590"},{"taxonomy":"product_tag","embeddable":true,"href":"https:\/\/seeclub-sursee.ch\/webshop\/wp-json\/wp\/v2\/product_tag?post=590"}],"curies":[{"name":"wp","href":"https:\/\/api.w.org\/{rel}","templated":true}]}}