{"id":534,"date":"2024-01-14T15:36:10","date_gmt":"2024-01-14T15:36:10","guid":{"rendered":"https:\/\/seeclub-sursee.ch\/webshop\/?post_type=product&#038;p=534"},"modified":"2024-01-31T06:10:51","modified_gmt":"2024-01-31T06:10:51","slug":"milford-softshell-damen","status":"publish","type":"product","link":"https:\/\/seeclub-sursee.ch\/webshop\/produkt\/milford-softshell-damen\/","title":{"rendered":"MILFORD Softshell Damen"},"content":{"rendered":"<p>Sportliche und funktionelle Softshell Jacke mit zwei Seitentaschen, zwei Innentaschen und einer Brusttasche mit Reflexstreifen. Abnehmbare Kapuze, verstellbare \u00c4rmelb\u00fcndchen und Kordelzug im Bund. TPU Membrane und Fleece auf der Innenseite. Wassers\u00e4ule WP 3000\/ Atmungsaktivit\u00e4t MVP 3000.<\/p>\n","protected":false},"excerpt":{"rendered":"<p>Funktionelle Softshell Jacke mit zwei Seitentaschen, Wassers\u00e4ule WP 3000\/ Atmungsaktivit\u00e4t MVP 3000<\/p>\n","protected":false},"featured_media":551,"template":"","meta":{"_acf_changed":false,"_themeisle_gutenberg_block_has_review":false},"product_brand":[],"product_cat":[35,41,47,48],"product_tag":[86,43],"class_list":{"0":"post-534","1":"product","2":"type-product","3":"status-publish","4":"has-post-thumbnail","6":"product_cat-bekleidung","7":"product_cat-damen","8":"product_cat-jacken-westen","9":"product_cat-top-layer","10":"product_tag-clique","11":"product_tag-damen","13":"first","14":"instock","15":"taxable","16":"shipping-taxable","17":"purchasable","18":"product-type-variable","19":"has-default-attributes"},"acf":[],"_links":{"self":[{"href":"https:\/\/seeclub-sursee.ch\/webshop\/wp-json\/wp\/v2\/product\/534","targetHints":{"allow":["GET"]}}],"collection":[{"href":"https:\/\/seeclub-sursee.ch\/webshop\/wp-json\/wp\/v2\/product"}],"about":[{"href":"https:\/\/seeclub-sursee.ch\/webshop\/wp-json\/wp\/v2\/types\/product"}],"wp:featuredmedia":[{"embeddable":true,"href":"https:\/\/seeclub-sursee.ch\/webshop\/wp-json\/wp\/v2\/media\/551"}],"wp:attachment":[{"href":"https:\/\/seeclub-sursee.ch\/webshop\/wp-json\/wp\/v2\/media?parent=534"}],"wp:term":[{"taxonomy":"product_brand","embeddable":true,"href":"https:\/\/seeclub-sursee.ch\/webshop\/wp-json\/wp\/v2\/product_brand?post=534"},{"taxonomy":"product_cat","embeddable":true,"href":"https:\/\/seeclub-sursee.ch\/webshop\/wp-json\/wp\/v2\/product_cat?post=534"},{"taxonomy":"product_tag","embeddable":true,"href":"https:\/\/seeclub-sursee.ch\/webshop\/wp-json\/wp\/v2\/product_tag?post=534"}],"curies":[{"name":"wp","href":"https:\/\/api.w.org\/{rel}","templated":true}]}}