{"id":486,"date":"2024-01-14T15:35:15","date_gmt":"2024-01-14T15:35:15","guid":{"rendered":"https:\/\/seeclub-sursee.ch\/webshop\/?post_type=product&#038;p=486"},"modified":"2024-01-31T06:14:48","modified_gmt":"2024-01-31T06:14:48","slug":"mesh-t-shirt-herren","status":"publish","type":"product","link":"https:\/\/seeclub-sursee.ch\/webshop\/produkt\/mesh-t-shirt-herren\/","title":{"rendered":"Mesh T-Shirt Herren"},"content":{"rendered":"<p>PRO DRY NANOWEIGHT SS \/ Leichtes T-Shirt mit Mesh-Eins\u00e4tzen f\u00fcr K\u00fchleffekt und hervorragendes K\u00f6rpertemperaturmanagement bei intensivem Training.<\/p>\n","protected":false},"excerpt":{"rendered":"<p>Leichtes T-Shirt mit Mesh-Eins\u00e4tzen f\u00fcr K\u00fchleffekt<\/p>\n","protected":false},"featured_media":494,"template":"","meta":{"_acf_changed":false,"_themeisle_gutenberg_block_has_review":false},"product_brand":[],"product_cat":[44,35,36,83,38],"product_tag":[39,40],"class_list":{"0":"post-486","1":"product","2":"type-product","3":"status-publish","4":"has-post-thumbnail","6":"product_cat-base-layer","7":"product_cat-bekleidung","8":"product_cat-herren","9":"product_cat-race","10":"product_cat-shirts","11":"product_tag-craft","12":"product_tag-herren","14":"first","15":"instock","16":"taxable","17":"shipping-taxable","18":"purchasable","19":"product-type-variable"},"acf":[],"_links":{"self":[{"href":"https:\/\/seeclub-sursee.ch\/webshop\/wp-json\/wp\/v2\/product\/486","targetHints":{"allow":["GET"]}}],"collection":[{"href":"https:\/\/seeclub-sursee.ch\/webshop\/wp-json\/wp\/v2\/product"}],"about":[{"href":"https:\/\/seeclub-sursee.ch\/webshop\/wp-json\/wp\/v2\/types\/product"}],"wp:featuredmedia":[{"embeddable":true,"href":"https:\/\/seeclub-sursee.ch\/webshop\/wp-json\/wp\/v2\/media\/494"}],"wp:attachment":[{"href":"https:\/\/seeclub-sursee.ch\/webshop\/wp-json\/wp\/v2\/media?parent=486"}],"wp:term":[{"taxonomy":"product_brand","embeddable":true,"href":"https:\/\/seeclub-sursee.ch\/webshop\/wp-json\/wp\/v2\/product_brand?post=486"},{"taxonomy":"product_cat","embeddable":true,"href":"https:\/\/seeclub-sursee.ch\/webshop\/wp-json\/wp\/v2\/product_cat?post=486"},{"taxonomy":"product_tag","embeddable":true,"href":"https:\/\/seeclub-sursee.ch\/webshop\/wp-json\/wp\/v2\/product_tag?post=486"}],"curies":[{"name":"wp","href":"https:\/\/api.w.org\/{rel}","templated":true}]}}