{"id":234,"date":"2024-01-14T15:30:51","date_gmt":"2024-01-14T15:30:51","guid":{"rendered":"https:\/\/seeclub-sursee.ch\/webshop\/?post_type=product&#038;p=234"},"modified":"2024-01-26T20:29:10","modified_gmt":"2024-01-26T20:29:10","slug":"daunenjacke-damen","status":"publish","type":"product","link":"https:\/\/seeclub-sursee.ch\/webshop\/produkt\/daunenjacke-damen\/","title":{"rendered":"Daunenjacke Damen"},"content":{"rendered":"<p>Gef\u00fctterte wind- und wasserabweisende Jacke, ideal f\u00fcrs Aufw\u00e4rmtraining oder die Pr\u00e4sentation. Abnehmbare Kapuze, Brusttasche mit Reissverschluss und verstellbarer Abschluss. Mikrofaser-F\u00fctterung mit guten thermischen Eigenschaften.<\/p>\n","protected":false},"excerpt":{"rendered":"<p>Gef\u00fctterte wind- und wasserabweisende Jacke, ideal f\u00fcrs Aufw\u00e4rmtraining oder die&#8230;<\/p>\n","protected":false},"featured_media":109,"template":"","meta":{"_acf_changed":false,"_themeisle_gutenberg_block_has_review":false},"product_brand":[],"product_cat":[35,41,47,48],"product_tag":[39,43],"class_list":{"0":"post-234","1":"product","2":"type-product","3":"status-publish","4":"has-post-thumbnail","6":"product_cat-bekleidung","7":"product_cat-damen","8":"product_cat-jacken-westen","9":"product_cat-top-layer","10":"product_tag-craft","11":"product_tag-damen","13":"first","14":"instock","15":"taxable","16":"shipping-taxable","17":"purchasable","18":"product-type-variable","19":"has-default-attributes"},"acf":[],"_links":{"self":[{"href":"https:\/\/seeclub-sursee.ch\/webshop\/wp-json\/wp\/v2\/product\/234","targetHints":{"allow":["GET"]}}],"collection":[{"href":"https:\/\/seeclub-sursee.ch\/webshop\/wp-json\/wp\/v2\/product"}],"about":[{"href":"https:\/\/seeclub-sursee.ch\/webshop\/wp-json\/wp\/v2\/types\/product"}],"wp:featuredmedia":[{"embeddable":true,"href":"https:\/\/seeclub-sursee.ch\/webshop\/wp-json\/wp\/v2\/media\/109"}],"wp:attachment":[{"href":"https:\/\/seeclub-sursee.ch\/webshop\/wp-json\/wp\/v2\/media?parent=234"}],"wp:term":[{"taxonomy":"product_brand","embeddable":true,"href":"https:\/\/seeclub-sursee.ch\/webshop\/wp-json\/wp\/v2\/product_brand?post=234"},{"taxonomy":"product_cat","embeddable":true,"href":"https:\/\/seeclub-sursee.ch\/webshop\/wp-json\/wp\/v2\/product_cat?post=234"},{"taxonomy":"product_tag","embeddable":true,"href":"https:\/\/seeclub-sursee.ch\/webshop\/wp-json\/wp\/v2\/product_tag?post=234"}],"curies":[{"name":"wp","href":"https:\/\/api.w.org\/{rel}","templated":true}]}}