{"id":1157,"date":"2025-11-06T06:25:27","date_gmt":"2025-11-06T06:25:27","guid":{"rendered":"https:\/\/seeclub-sursee.ch\/webshop\/?post_type=product&#038;p=1157"},"modified":"2025-11-11T06:25:04","modified_gmt":"2025-11-11T06:25:04","slug":"rudercap","status":"publish","type":"product","link":"https:\/\/seeclub-sursee.ch\/webshop\/produkt\/rudercap\/","title":{"rendered":"Rudercap"},"content":{"rendered":"<p>Eine leichte und bequeme Cap, perfekt f\u00fcr Outdoor-Sportler. Ihr herausragendes Merkmal ist das feuchtigkeitstransportierende Material, das Schweiss absorbiert und verteilt, sodass die Kappe unglaublich schnell trocknet. Das Dry-Tech-Material am Schweissband und an der inneren Vorderseite sorgt f\u00fcr maximale Funktionalit\u00e4t an Ihren aktivsten Tagen. Dieses Cap verf\u00fcgt \u00fcber ein lasergeschnittenes Lochmuster f\u00fcr verbesserte Atmungsaktivit\u00e4t.<\/p>\n<p>Mit hochwertigem Klettverschluss mit Gummi und Kunststoffschnalle.<\/p>\n<p>Handw\u00e4sche \/ nicht im Tumbler trocknen<\/p>\n","protected":false},"excerpt":{"rendered":"<p>Leicht und bequem<br \/>\nperfekt f\u00fcr Outdoor-Sportler<br \/>\nfeuchtigkeitstransportierende Material<br \/>\nDry-Tech-Material am Schweissband<br \/>\nlasergeschnittenes Lochmuster f\u00fcr verbesserte Atmungsaktivit\u00e4t.<br \/>\nmit hochwertigem Klettverschluss mit Gummi und Kunststoffschnalle<\/p>\n<p>Handw\u00e4sche \/ nicht im Tumbler trocknen<\/p>\n","protected":false},"featured_media":1153,"template":"","meta":{"_acf_changed":false,"_themeisle_gutenberg_block_has_review":false},"product_brand":[],"product_cat":[35,41,36,49,91,83,48,45],"product_tag":[],"class_list":{"0":"post-1157","1":"product","2":"type-product","3":"status-publish","4":"has-post-thumbnail","6":"product_cat-bekleidung","7":"product_cat-damen","8":"product_cat-herren","9":"product_cat-junioren","10":"product_cat-kopfbedeckung","11":"product_cat-race","12":"product_cat-top-layer","13":"product_cat-unisex","15":"first","16":"instock","17":"taxable","18":"shipping-taxable","19":"purchasable","20":"product-type-simple"},"acf":[],"_links":{"self":[{"href":"https:\/\/seeclub-sursee.ch\/webshop\/wp-json\/wp\/v2\/product\/1157","targetHints":{"allow":["GET"]}}],"collection":[{"href":"https:\/\/seeclub-sursee.ch\/webshop\/wp-json\/wp\/v2\/product"}],"about":[{"href":"https:\/\/seeclub-sursee.ch\/webshop\/wp-json\/wp\/v2\/types\/product"}],"wp:featuredmedia":[{"embeddable":true,"href":"https:\/\/seeclub-sursee.ch\/webshop\/wp-json\/wp\/v2\/media\/1153"}],"wp:attachment":[{"href":"https:\/\/seeclub-sursee.ch\/webshop\/wp-json\/wp\/v2\/media?parent=1157"}],"wp:term":[{"taxonomy":"product_brand","embeddable":true,"href":"https:\/\/seeclub-sursee.ch\/webshop\/wp-json\/wp\/v2\/product_brand?post=1157"},{"taxonomy":"product_cat","embeddable":true,"href":"https:\/\/seeclub-sursee.ch\/webshop\/wp-json\/wp\/v2\/product_cat?post=1157"},{"taxonomy":"product_tag","embeddable":true,"href":"https:\/\/seeclub-sursee.ch\/webshop\/wp-json\/wp\/v2\/product_tag?post=1157"}],"curies":[{"name":"wp","href":"https:\/\/api.w.org\/{rel}","templated":true}]}}