{"id":20,"date":"2024-01-14T10:28:25","date_gmt":"2024-01-14T10:28:25","guid":{"rendered":"https:\/\/seeclub-sursee.ch\/webshop\/?page_id=20"},"modified":"2024-01-26T19:28:43","modified_gmt":"2024-01-26T19:28:43","slug":"agb","status":"publish","type":"page","link":"https:\/\/seeclub-sursee.ch\/webshop\/agb\/","title":{"rendered":"Allgemeine Gesch\u00e4ftsbedingungen"},"content":{"rendered":"<p><b>Allgemeine Gesch\u00e4ftsbedingungen mit Kundeninformationen<\/b><\/p>\n<p><b>1) Geltungsbereich<\/b><\/p>\n<p>F\u00fcr die Nutzung dieser Webseite sowie die Gesch\u00e4ftsbeziehungen zwischen Seeclub Sursee, Strandbadweg 6, 6210 Sursee, und ihren Kunden gelten die nachfolgenden Allgemeinen Gesch\u00e4ftsbedingungen (AGB) in der bei Aufruf der Webseite bzw. bei Warenbestellung aktuell abrufbaren und g\u00fcltigen Fassung. Das Angebot auf dieser Webseite richtet sich ausschliesslich an Kunden mit Schweizer Wohnsitz.<\/p>\n<p>Als Kunde wird jede nat\u00fcrliche und juristische Person bezeichnet, welche mit Seeclub Sursee gesch\u00e4ftliche Beziehungen pflegt. Die AGB, die Liefer- und Zahlungsbedingungen sowie die Datenschutzbestimmungen k\u00f6nnen von Zeit zu Zeit Anpassungen erfahren. Seeclub Sursee bittet, diese Bestimmungen bei jedem Besuch der Webseite und bei jeder Warenbestellung aufmerksam durchzulesen.<\/p>\n<p>Diese AGB gelten ausschliesslich. Entgegenstehende, erg\u00e4nzende oder von diesen AGB abweichende Bedingungen bed\u00fcrfen zur ihrer Geltung der ausdr\u00fccklichen schriftlichen Best\u00e4tigung durch Seeclub Sursee. Der Kunde best\u00e4tigt bei der Nutzung dieser Webseite bzw. bei einer Warenbestellung diese AGB einschliesslich Liefer- und Zahlungsbedingungen umfassend anzuerkennen.<\/p>\n<p>Sollten sich einzelne Bestimmungen dieser AGB als unwirksam oder undurchf\u00fchrbar erweisen oder unwirksam oder undurchf\u00fchrbar werden, so bleibt dadurch die Wirksamkeit der \u00fcbrigen Bestimmungen unber\u00fchrt.<\/p>\n<p>Der Betreiber dieses Internetauftritts ist die Seeclub Sursee, siehe Impressum.<\/p>\n<p><b>2.Informationen auf dieser Webseite<\/b><\/p>\n<p>Seeclub Sursee beinhaltet Informationen \u00fcber Produkte und Dienstleistungen. Preis- und Sortiments\u00e4nderungen sowie technische \u00c4nderungen bleiben vorbehalten. Alle Angaben auf www.seeclub-sursee.ch (Produktbeschreibungen, Abbildungen, Filme, Masse, Gewichte, technische Spezifikationen, Zubeh\u00f6rbeziehungen und sonstige Angaben) sind nur als N\u00e4herungswerte zu verstehen und stellen insbesondere keine Zusicherung von Eigenschaften oder Garantien dar, ausser es ist explizit anders vermerkt. Seeclub Sursee bem\u00fcht sich, s\u00e4mtliche Angaben und Informationen auf dieser Webseite korrekt, vollst\u00e4ndig, aktuell und \u00fcbersichtlich bereitzustellen, jedoch kann Seeclub Sursee weder ausdr\u00fccklich noch stillschweigend daf\u00fcr Gew\u00e4hr leisten.<\/p>\n<p>S\u00e4mtliche Angebote auf dieser Webseite gelten als freibleibend und sind nicht als verbindliche Offerte zu verstehen.<\/p>\n<p>Seeclub Sursee kann keine Garantie abgeben, dass die aufgef\u00fchrten Produkte zum Zeitpunkt der Bestellung verf\u00fcgbar sind. Daher sind alle Angaben zu Verf\u00fcgbarkeit und Lieferzeiten ohne Gew\u00e4hr und k\u00f6nnen sich jederzeit und ohne Ank\u00fcndigung \u00e4ndern.<\/p>\n<p><b>3.Preise\u00a0<\/b><\/p>\n<p>Die Preisangaben von Seeclub Sursee beinhalten, wenn nicht anders vermerkt, die gesetzliche Mehrwertsteuer. Die Preise verstehen sich rein netto in Schweizer Franken (CHF).<\/p>\n<p>Allf\u00e4llige Versandkosten werden, wo nicht anders vorgesehen, zus\u00e4tzlich verrechnet und sind durch den Kunden zu bezahlen. Versandkosten werden im Bestellprozess separat ausgewiesen.<\/p>\n<p>Technische \u00c4nderungen, Irrt\u00fcmer und Druckfehler bleiben vorbehalten, insbesondere kann Seeclub Sursee Preis\u00e4nderungen jederzeit und ohne Vorank\u00fcndigungen vornehmen.<\/p>\n<p><b>4.Vertragsabschluss\u00a0<\/b><\/p>\n<p>Die Angebote auf dieser Webseite stellen eine unverbindliche Aufforderung an den Kunden dar, bei Seeclub Sursee Produkte und\/oder Dienstleistungen zu bestellen. Mit der Bestellung \u00fcber diese Webseite inklusive der Annahme dieser AGB gibt der Kunde ein rechtlich verbindliches Angebot zum Vertragsabschluss ab. Seeclub Sursee versendet daraufhin eine automatische \u201eBestellbest\u00e4tigung\u201c per Email, welche best\u00e4tigt, dass das Angebot des Kunden bei Seeclub Sursee eingegangen ist. Get\u00e4tigte Bestellungen sind f\u00fcr den Kunden verbindlich. Wo nicht anders vermerkt, gibt es kein R\u00fcckgabe- bzw. R\u00fccktrittsrecht.<\/p>\n<p>Der Vertrag kommt zustande, sobald Seeclub Sursee eine Annahmeerkl\u00e4rung per Email versendet, worin der Versand der bestellten Produkte oder Dienstleistungen best\u00e4tigt wird.<\/p>\n<p>Bestellungen werden erst nach vollst\u00e4ndigem Zahlungseingang und sofern die Waren verf\u00fcgbar sind, ausgeliefert. Ergibt sich nach Abschluss des Vertrages, dass die bestellte Ware nicht oder nicht vollst\u00e4ndig geliefert werden k\u00f6nnen, ist Seeclub Sursee berechtigt, vom gesamten Vertrag oder von einem Vertragsteil zur\u00fcckzutreten. Sollte die Zahlung des Kunden bereits bei Seeclub Sursee eingegangen sein, wird die Zahlung dem Kunden zur\u00fcckerstattet. Ist noch keine Zahlung erfolgt, wird der Kunde von der Zahlungspflicht befreit. Seeclub Sursee ist im Falle einer Vertragsaufl\u00f6sung zu keiner Ersatzlieferung verpflichtet.<\/p>\n<p><b>5.Zahlungsm\u00f6glichkeiten und Eigentumsvorbehalt<\/b><\/p>\n<p>Dem Kunden stehen die im Bestellvorgang angegebenen Zahlungsm\u00f6glichkeiten zur Verf\u00fcgung.<\/p>\n<p>Seeclub Sursee beh\u00e4lt sich das Recht vor, Kunden ohne Angabe von Gr\u00fcnden von einzelnen Zahlungsm\u00f6glichkeiten auszuschliessen oder auf Vorauskasse zu bestehen.<\/p>\n<p>Seeclub Sursee kann bei Zahlungsverzug des Kunden Verzugszinsen von 5% pro Jahr sowie eine Mahngeb\u00fchr von maximal CHF 20.- pro Mahnung erheben.<\/p>\n<p>Die dem Kunden gelieferten Produkte bleiben bis zur vollst\u00e4ndigen Bezahlung im Eigentum von Seeclub Sursee.<\/p>\n<p>Bei Betreibung, Pf\u00e4ndung, Konkurs, Nachlassvertrag verfallen alle gew\u00e4hrten Rabatte und Verg\u00fcnstigungen. Inkasso- und Betreibungsspesen werden zus\u00e4tzlich belastet. F\u00fcr eine Betreibung werden zus\u00e4tzlich CHF 45.- Umtriebs Entsch\u00e4digung verrechnet.<\/p>\n<p><b>6.Lieferung, Pr\u00fcfpflicht, M\u00e4ngelr\u00fcge und R\u00fccksendung<\/b><\/p>\n<p>Die Lieferungen werden per Post oder Kurierdienst an die vom Kunden in der Bestellung angegebene Adresse versandt (Kostenpflichtig) oder im Seeclub Sursee Web Shop Ausgabekasten hinterlegt (Gratis). Die Rechnungsstellung erfolgt per Email oder auf dem Postweg. Mit dem Versand oder Hinterlegung gehen Nutzen und Gefahr auf den Kunden \u00fcber, soweit dies gesetzlich zul\u00e4ssig ist.<\/p>\n<p>Ist die Lieferung nicht zustellbar oder verweigert der Kunde die Annahme der Lieferung, kann Seeclub Sursee den Vertrag nach einer R\u00fcge-Mitteilung per Email an den Kunden und unter Ansetzung einer angemessenen Frist aufl\u00f6sen sowie die Kosten f\u00fcr die Umtriebe in Rechnung stellen.<\/p>\n<p>Der Kunde ist verpflichtet, die gelieferten Waren sofort nach Eingang der Lieferung zu pr\u00fcfen und allf\u00e4llige M\u00e4ngel, f\u00fcr die Seeclub Sursee Gew\u00e4hr leistet, unverz\u00fcglich schriftlich per Brief oder Email an die im Impressum genannten Adressen zu melden.<\/p>\n<p>R\u00fccksendungen an Seeclub Sursee erfolgen auf Rechnung und Gefahr des Kunden. Der Kunde hat die Waren originalverpackt, zusammen mit dem Lieferschein und einer ausf\u00fchrlichen Beschreibung der M\u00e4ngel an die von Seeclub Sursee angegebene R\u00fccksendeadresse zu senden. Personalisierte Ware ist von der R\u00fcckgabe ausgeschlossen.<\/p>\n<p>Ergibt sich bei der Pr\u00fcfung durch Seeclub Sursee, dass die Waren keine feststellbaren M\u00e4ngel aufweisen oder diese nicht unter die Garantie des Herstellers fallen, kann Seeclub Sursee die Umtriebe, die R\u00fccksendung oder die allf\u00e4llige Entsorgung dem Kunden in Rechnung stellen.<\/p>\n<p><b>7. Widerrufsrecht<\/b><\/p>\n<p>Dem Kunden wird w\u00e4hrend 10 Kalendertagen nach Bestelleingang ein Widerrufsrecht gew\u00e4hrt. Die Frist gilt als eingehalten, wenn der Kunde den schriftlichen Widerruf per Email oder Brief innerhalb der Frist an Seeclub Sursee abschickt. Der Widerruf bedarf keiner Begr\u00fcndung.<\/p>\n<p>Die Aus\u00fcbung des Widerrufsrechts f\u00fchrt zu einer R\u00fcckabwicklung des Vertrages.<\/p>\n<p>In folgenden F\u00e4llen wird kein Widerrufsrecht gew\u00e4hrt:<\/p>\n<p>Wenn der Vertrag ein Zufallselement hat, namentlich weil der Preis Schwankungen unterliegt, auf die der Anbieter keinen Einfluss hat.<\/p>\n<p>Wenn der Vertrag eine bewegliche Sache zum Gegenstand hat, die aufgrund ihrer Beschaffenheit nicht f\u00fcr eine R\u00fccksendung geeignet ist oder schnell verderben kann;<\/p>\n<p>Wenn der Vertrag eine bewegliche Sache zum Gegenstand hat, die nach Vorgaben des Konsumenten angefertigt wird oder eindeutig auf pers\u00f6nliche Bed\u00fcrfnisse zugeschnitten ist;<\/p>\n<p>Wenn der Vertrag digitale Inhalte zum Gegenstand hat und diese Inhalte nicht auf einem festen Datentr\u00e4ger zur Verf\u00fcgung gestellt werden oder wenn der Vertrag von beiden Vertragsparteien sofort vollst\u00e4ndig zu erf\u00fcllen ist;<\/p>\n<p>Wenn der Vertrag eine Dienstleistung zum Gegenstand hat und der Vertrag vom Anbieter mit der vorg\u00e4ngigen ausdr\u00fccklichen Zustimmung des Konsumenten vollst\u00e4ndig zu erf\u00fcllen ist, bevor die Widerrufsfrist abgelaufen ist.<\/p>\n<p><b>8.Gew\u00e4hrleistung<\/b><\/p>\n<p>Seeclub Sursee bem\u00fcht sich, Waren in einwandfreier Qualit\u00e4t zu liefern.<\/p>\n<p><b>9.Haftung<\/b><\/p>\n<p>Seeclub Sursee schliesst jede Haftung, unabh\u00e4ngig von ihrem Rechtsgrund, sowie Schadenersatzanspr\u00fcche gegen Seeclub Sursee und allf\u00e4llige Hilfspersonen und Erf\u00fcllungsgehilfen aus.<\/p>\n<p><b>10.Datenschutz<\/b><\/p>\n<p>Seeclub Sursee darf die im Rahmen des Vertragsschlusses aufgenommenen Daten zur Erf\u00fcllung der Verpflichtungen aus dem Kaufvertrag verarbeiten und nutzen sowie zu Marketingzwecken verwenden. Die zur Leistungserf\u00fcllung notwendigen Daten k\u00f6nnen auch an beauftrage Dienstleistungspartner (Logistikpartner) oder sonstigen Dritten weitergegeben werden.<\/p>\n<p>Die weiteren Datenschutzbestimmungen sind unter Datenschutz aufrufbar.<\/p>\n<p><b>11.Weitere Bestimmungen<\/b><\/p>\n<p>Seeclub Sursee beh\u00e4lt sich ausdr\u00fccklich vor, die vorliegenden AGB jederzeit zu \u00e4ndern und ohne Ank\u00fcndigung in Kraft zu setzen.<\/p>\n<p>Im Falle von Streitigkeiten kommt ausschliesslich materielles Schweizer Recht unter Ausschluss von kollisionsrechtlichen Normen zur Anwendung. Das UN-Kaufrecht (CISG, Wiener Kaufrecht) wird explizit ausgeschlossen.<\/p>\n<p>Der Gerichtsstand ist Sursee, soweit das Gesetz keine zwingenden Gerichtsst\u00e4nde vorsieht.<\/p>\n<p><b>12.Kontakt<\/b><\/p>\n<p>Bei Fragen zu diesen AGB melden Sie sich bitte \u00fcber die im Impressum angegebenen Adressen.<\/p>\n<p>Version 23.04.2020<br \/>\n<div class=\"woocommerce woocommerce-gzd woocommerce-gzd-complaints-shortcode\">\n\t\t\t<h3>Alternative Streitbeilegung gem\u00e4\u00df Art. 14 Abs. 1 ODR-VO und \u00a7 36 VSBG:<\/h3>\n\t\n<p>Die Europ\u00e4ische Kommission stellt eine Plattform zur Online-Streitbeilegung (OS) bereit, die du unter <a href=\"https:\/\/ec.europa.eu\/consumers\/odr\" target=\"_blank\">https:\/\/ec.europa.eu\/consumers\/odr<\/a> findest. Zur Teilnahme an einem Streitbeilegungsverfahren vor einer Verbraucherschlichtungsstelle sind wir nicht verpflichtet und nicht bereit.<\/p>\n<\/div><\/p>\n","protected":false},"excerpt":{"rendered":"<p>Allgemeine Gesch\u00e4ftsbedingungen mit Kundeninformationen 1) Geltungsbereich F\u00fcr die Nutzung dieser&#8230;<\/p>\n","protected":false},"author":1,"featured_media":0,"parent":0,"menu_order":0,"comment_status":"closed","ping_status":"closed","template":"page-templates\/page-shopseiten.php","meta":{"_acf_changed":false,"_themeisle_gutenberg_block_has_review":false,"footnotes":""},"class_list":["post-20","page","type-page","status-publish","hentry"],"acf":[],"_links":{"self":[{"href":"https:\/\/seeclub-sursee.ch\/webshop\/wp-json\/wp\/v2\/pages\/20","targetHints":{"allow":["GET"]}}],"collection":[{"href":"https:\/\/seeclub-sursee.ch\/webshop\/wp-json\/wp\/v2\/pages"}],"about":[{"href":"https:\/\/seeclub-sursee.ch\/webshop\/wp-json\/wp\/v2\/types\/page"}],"author":[{"embeddable":true,"href":"https:\/\/seeclub-sursee.ch\/webshop\/wp-json\/wp\/v2\/users\/1"}],"replies":[{"embeddable":true,"href":"https:\/\/seeclub-sursee.ch\/webshop\/wp-json\/wp\/v2\/comments?post=20"}],"version-history":[{"count":3,"href":"https:\/\/seeclub-sursee.ch\/webshop\/wp-json\/wp\/v2\/pages\/20\/revisions"}],"predecessor-version":[{"id":688,"href":"https:\/\/seeclub-sursee.ch\/webshop\/wp-json\/wp\/v2\/pages\/20\/revisions\/688"}],"wp:attachment":[{"href":"https:\/\/seeclub-sursee.ch\/webshop\/wp-json\/wp\/v2\/media?parent=20"}],"curies":[{"name":"wp","href":"https:\/\/api.w.org\/{rel}","templated":true}]}}